{"id":134,"date":"2026-04-28T08:48:04","date_gmt":"2026-04-28T06:48:04","guid":{"rendered":"http:\/\/localhost:8080\/?page_id=134"},"modified":"2026-04-28T21:15:28","modified_gmt":"2026-04-28T19:15:28","slug":"pre-inscription","status":"publish","type":"page","link":"https:\/\/service0.cs.dev.schirm.fr\/?page_id=134","title":{"rendered":"Pr\u00e9-inscription"},"content":{"rendered":"\n<h5 class=\"wp-block-heading\">Pour remplir le formulaire de demande de pr\u00e9-inscription, vous aurez besoin :<\/h5>\n\n\n\n<ul class=\"wp-block-list\">\n<li>D&rsquo;une attestation de QF de moins de 3 mois<\/li>\n\n\n\n<li>Des derniers compte-rendu de bilans de votre enfant ou des ordonnances si applicable<\/li>\n\n\n\n<li>De ses 3 derniers bulletins de notes<\/li>\n\n\n\n<li>De r\u00e9gler 50\u20ac de frais de dossier en fin de formulaire<\/li>\n\n\n\n<li>Les pi\u00e8ces jointes peuvent \u00eatre t\u00e9l\u00e9charg\u00e9es au format PDF, PNG et JPG<\/li>\n\n\n\n<li>Les photos prises depuis un t\u00e9l\u00e9phone portable sont accept\u00e9es sauf si coup\u00e9es et non lisibles<\/li>\n<\/ul>\n\n\n\n<div class=\"wp-block-columns is-layout-flex wp-container-core-columns-is-layout-28f84493 wp-block-columns-is-layout-flex\">\n<div class=\"wp-block-column is-layout-flow wp-block-column-is-layout-flow\">\n<div class=\"forminator-guttenberg\"><div class=\"forminator-ui forminator-custom-form forminator-custom-form-201 forminator-design--default  forminator_ajax\" data-forminator-render=\"0\" data-form=\"forminator-module-201\" data-uid=\"69f2a7d7c7518\"><br\/><\/div><form\n\t\t\t\tid=\"forminator-module-201\"\n\t\t\t\tclass=\"forminator-ui forminator-custom-form forminator-custom-form-201 forminator-design--default  forminator_ajax\"\n\t\t\t\tmethod=\"post\"\n\t\t\t\tdata-forminator-render=\"0\"\n\t\t\t\tdata-form-id=\"201\"\n\t\t\t\tenctype=\"multipart\/form-data\" data-color-option=\"theme\" data-design=\"default\" data-grid=\"open\" style=\"display: none;\"\n\t\t\t\tdata-uid=\"69f2a7d7c7518\"\n\t\t\t><div role=\"alert\" aria-live=\"polite\" class=\"forminator-response-message forminator-error\" aria-hidden=\"true\"><\/div><div role=\"tablist\" class=\"forminator-pagination-steps\" aria-label=\"Pagination\"><\/div><div\n\t\t\t\ttabindex=\"-1\"\n\t\t\t\trole=\"tabpanel\"\n\t\t\t\tid=\"forminator-custom-form-201--page-0\"\n\t\t\t\tclass=\"forminator-pagination forminator-pagination-start\"\n\t\t\t\taria-labelledby=\"forminator-custom-form-201--page-0-label\"\n\t\t\t\tdata-step=\"0\"\n\t\t\t\tdata-label=\"Paiement\"\n\t\t\t\tdata-actual-label=\"Vos coordonn\u00e9es\"\n\t\t\t\tdata-name=\"page-break-1\"\n\t\t\t><div class=\"forminator-pagination--content\"><div class=\"forminator-row\"><div id=\"name-1\" class=\"forminator-field-name forminator-col forminator-col-6 \"><div class=\"forminator-field\"><label for=\"forminator-field-name-1_69f2a7d7c7518\" id=\"forminator-field-name-1_69f2a7d7c7518-label\" class=\"forminator-label\">Nom <span class=\"forminator-required\">*<\/span><\/label><input type=\"text\" name=\"name-1\" value=\"\" placeholder=\"\" id=\"forminator-field-name-1_69f2a7d7c7518\" class=\"forminator-input forminator-name--field\" aria-required=\"true\" autocomplete=\"name\" \/><\/div><\/div><div id=\"name-2\" class=\"forminator-field-name forminator-col forminator-col-6 \"><div class=\"forminator-field\"><label for=\"forminator-field-name-2_69f2a7d7c7518\" id=\"forminator-field-name-2_69f2a7d7c7518-label\" class=\"forminator-label\">Pr\u00e9nom <span class=\"forminator-required\">*<\/span><\/label><input type=\"text\" name=\"name-2\" value=\"\" placeholder=\"\" id=\"forminator-field-name-2_69f2a7d7c7518\" class=\"forminator-input forminator-name--field\" aria-required=\"true\" autocomplete=\"name\" \/><\/div><\/div><\/div><div class=\"forminator-row\"><div id=\"email-1\" class=\"forminator-field-email forminator-col forminator-col-6 \"><div class=\"forminator-field\"><label for=\"forminator-field-email-1_69f2a7d7c7518\" id=\"forminator-field-email-1_69f2a7d7c7518-label\" class=\"forminator-label\">Adresse email <span class=\"forminator-required\">*<\/span><\/label><input type=\"email\" name=\"email-1\" value=\"\" placeholder=\"\" id=\"forminator-field-email-1_69f2a7d7c7518\" class=\"forminator-input forminator-email--field\" data-required=\"1\" aria-required=\"true\" autocomplete=\"email\" \/><\/div><\/div><div id=\"phone-1\" class=\"forminator-field-phone forminator-col forminator-col-6 \"><div class=\"forminator-field\"><label for=\"forminator-field-phone-1_69f2a7d7c7518\" id=\"forminator-field-phone-1_69f2a7d7c7518-label\" class=\"forminator-label\">T\u00e9l\u00e9phone <span class=\"forminator-required\">*<\/span><\/label><input type=\"text\" name=\"phone-1\" value=\"\" placeholder=\"\" id=\"forminator-field-phone-1_69f2a7d7c7518\" class=\"forminator-input forminator-field--phone\" data-required=\"1\" aria-required=\"true\" autocomplete=\"off\" \/><\/div><\/div><\/div><\/div><\/div><div\n\t\t\t\ttabindex=\"-1\"\n\t\t\t\trole=\"tabpanel\"\n\t\t\t\tid=\"forminator-custom-form-201--page-1\"\n\t\t\t\tclass=\"forminator-pagination\"\n\t\t\t\taria-labelledby=\"forminator-custom-form-201--page-1-label\"\n\t\t\t\taria-hidden=\"true\"\n\t\t\t\tdata-step=\"1\"\n\t\t\t\tdata-label=\"Vos coordonn\u00e9es\"\n\t\t\t\tdata-actual-label=\"Votre situation\"\n\t\t\t\tdata-name=\"page-break-2\"\n\t\t\t\thidden\n\t\t\t><div class=\"forminator-pagination--content\"><div class=\"forminator-row\"><div id=\"number-1\" class=\"forminator-field-number forminator-col forminator-col-12 \"><div class=\"forminator-field\"><label for=\"forminator-field-number-1_69f2a7d7c7518\" id=\"forminator-field-number-1_69f2a7d7c7518-label\" class=\"forminator-label\">Quotient Familial (QF) <span class=\"forminator-required\">*<\/span><\/label><input name=\"number-1\" value=\"\" placeholder=\"\" id=\"forminator-field-number-1_69f2a7d7c7518\" class=\"forminator-input forminator-number--field\" inputmode=\"decimal\" data-required=\"1\" data-decimals=\"0\" aria-required=\"true\" data-inputmask=\"&#039;groupSeparator&#039;: &#039;&#039;, &#039;radixPoint&#039;: &#039;&#039;, &#039;digits&#039;: &#039;0&#039;\" data-hidden-behavior=\"zero\" type=\"number\" step=\"any\" min=\"1\" max=\"10000\" \/><\/div><\/div><\/div><div class=\"forminator-row\"><div id=\"upload-1\" class=\"forminator-field-upload forminator-col forminator-col-12 \"><div class=\"forminator-field\"><label for=\"forminator-field-upload-1_69f2a7d7c7518\" id=\"forminator-field-upload-1_69f2a7d7c7518-label\" class=\"forminator-label\">Attestation de QF <span class=\"forminator-required\">*<\/span><\/label><span id=\"forminator-field-upload-1_69f2a7d7c7518-description\" class=\"forminator-description\">Attestation de quotient familial de moins de 3 mois<\/span><div class=\"forminator-file-upload \" data-element=\"upload-1_69f2a7d7c7518\" aria-describedby=\"forminator-field-upload-1_69f2a7d7c7518-description\"><input type=\"file\" name=\"upload-1\" id=\"forminator-field-upload-1_69f2a7d7c7518\" class=\"forminator-input-file-required do-validate\" accept=\".avif,.heif,.heics,.heifs,.jpg,.jpeg,.jpe,.png,.pdf\" tabindex=\"-1\"><button id=\"forminator-field-upload-1_69f2a7d7c7518_button\" class=\"forminator-button forminator-button-upload\" data-id=\"forminator-field-upload-1_69f2a7d7c7518\">Choose File<\/button><span data-empty-text=\"No file chosen\">No file chosen<\/span><button class=\"forminator-button-delete\" style=\"display: none;\"><i class=\"forminator-icon-close\" aria-hidden=\"true\"><\/i><span class=\"forminator-screen-reader-only\">Delete uploaded file<\/span><\/button><\/div><\/div><\/div><\/div><\/div><\/div><div\n\t\t\t\ttabindex=\"-1\"\n\t\t\t\trole=\"tabpanel\"\n\t\t\t\tid=\"forminator-custom-form-201--page-2\"\n\t\t\t\tclass=\"forminator-pagination\"\n\t\t\t\taria-labelledby=\"forminator-custom-form-201--page-2-label\"\n\t\t\t\taria-hidden=\"true\"\n\t\t\t\tdata-step=\"2\"\n\t\t\t\tdata-label=\"Votre situation\"\n\t\t\t\tdata-actual-label=\"Paiement\"\n\t\t\t\tdata-name=\"page-break-4\"\n\t\t\t\thidden\n\t\t\t><div class=\"forminator-pagination--content\"><div class=\"forminator-row\"><div id=\"name-3\" class=\"forminator-field-name forminator-col forminator-col-12 \"><div class=\"forminator-field\"><label for=\"forminator-field-name-3_69f2a7d7c7518\" id=\"forminator-field-name-3_69f2a7d7c7518-label\" class=\"forminator-label\">Pr\u00e9nom de l&#039;enfant <span class=\"forminator-required\">*<\/span><\/label><input type=\"text\" name=\"name-3\" value=\"\" placeholder=\"\" id=\"forminator-field-name-3_69f2a7d7c7518\" class=\"forminator-input forminator-name--field\" aria-required=\"true\" autocomplete=\"name\" \/><\/div><\/div><\/div><div class=\"forminator-row\"><div id=\"radio-1\" class=\"forminator-field-radio forminator-col forminator-col-12 \"><div role=\"radiogroup\" class=\"forminator-field\" aria-labelledby=\"forminator-radiogroup-radio-1-69f2a7d7c7518-label\"><span id=\"forminator-radiogroup-radio-1-69f2a7d7c7518-label\" class=\"forminator-label\">Classe souhait\u00e9e <span class=\"forminator-required\">*<\/span><\/span><label id=\"forminator-field-radio-1-label-1\" for=\"forminator-field-radio-1-1-69f2a7d7c7518\" class=\"forminator-radio\" title=\"Cycle 3\"><input type=\"radio\" name=\"radio-1\" value=\"one\" id=\"forminator-field-radio-1-1-69f2a7d7c7518\" aria-labelledby=\"forminator-field-radio-1-label-1\" data-calculation=\"0\"   data-hidden-behavior=\"zero\"\/><span class=\"forminator-radio-bullet\" aria-hidden=\"true\"><\/span><span class=\"forminator-radio-label\">Cycle 3<\/span><\/label><label id=\"forminator-field-radio-1-label-2\" for=\"forminator-field-radio-1-2-69f2a7d7c7518\" class=\"forminator-radio\" title=\"Cycle 4\"><input type=\"radio\" name=\"radio-1\" value=\"two\" id=\"forminator-field-radio-1-2-69f2a7d7c7518\" aria-labelledby=\"forminator-field-radio-1-label-2\" data-calculation=\"0\"   data-hidden-behavior=\"zero\"\/><span class=\"forminator-radio-bullet\" aria-hidden=\"true\"><\/span><span class=\"forminator-radio-label\">Cycle 4<\/span><\/label><\/div><\/div><\/div><div class=\"forminator-row\"><div id=\"upload-2\" class=\"forminator-field-upload forminator-col forminator-col-12 \"><div class=\"forminator-field\"><label for=\"forminator-field-upload-2_69f2a7d7c7518\" id=\"forminator-field-upload-2_69f2a7d7c7518-label\" class=\"forminator-label\">Bulletins de notes <span class=\"forminator-required\">*<\/span><\/label><span id=\"forminator-field-upload-2_69f2a7d7c7518-description\" class=\"forminator-description\">3 derniers bulletins de notes<\/span><div class=\"forminator-multi-upload \" data-element=\"upload-2_69f2a7d7c7518\" aria-describedby=\"forminator-field-upload-2_69f2a7d7c7518-description\"><input type=\"file\" name=\"upload-2[]\" id=\"forminator-field-upload-2_69f2a7d7c7518\" class=\"forminator-input-file-required do-validate forminator-field-upload-2_69f2a7d7c7518-201\" multiple=\"multiple\" data-method=\"ajax\" data-size=\"8000000\" data-size-message=\"Maximum file size allowed is 8 MB. \"><div class=\"forminator-multi-upload-message\" aria-hidden=\"true\"><span class=\"forminator-icon-upload\" aria-hidden=\"true\"><\/span><p>Drag and Drop (or) <a class=\"forminator-upload-file--forminator-field-upload-2_69f2a7d7c7518\" href=\"#\" onclick=\"return false;\">Choose Files<\/a><\/p><\/div><\/div><ul class=\"forminator-uploaded-files upload-container-upload-2_69f2a7d7c7518\"><\/ul><\/div><\/div><\/div><\/div><\/div><div\n\t\t\t\ttabindex=\"-1\"\n\t\t\t\trole=\"tabpanel\"\n\t\t\t\tid=\"forminator-custom-form-201--page-3\"\n\t\t\t\tclass=\"forminator-pagination\"\n\t\t\t\taria-labelledby=\"forminator-custom-form-201--page-3-label\"\n\t\t\t\taria-hidden=\"true\"\n\t\t\t\tdata-step=\"3\"\n\t\t\t\tdata-label=\"Paiement\"\n\t\t\t\tdata-actual-label=\"Paiement\"\n\t\t\t\tdata-name=\"\"\n\t\t\t\thidden\n\t\t\t><div class=\"forminator-pagination--content\"><div class=\"forminator-row\"><div id=\"stripe-ocs-1\" class=\"forminator-field-stripe-ocs forminator-col forminator-col-12 \"><div class=\"forminator-field\"><label for=\"stripe-ocs-1-field\" id=\"stripe-ocs-1-field-label\" class=\"forminator-label\">Carte de cr\u00e9dit \/ d\u00e9bit <span class=\"forminator-required\">*<\/span><\/label><div id=\"payment-element-69f2a7d7c7518\" data-elements-options=\"{\n    &quot;loader&quot;: &quot;always&quot;,\n    &quot;locale&quot;: &quot;fr&quot;,\n    &quot;paymentMethodCreation&quot;: &quot;manual&quot;,\n    &quot;appearance&quot;: {\n        &quot;theme&quot;: &quot;stripe&quot;,\n        &quot;variables&quot;: {\n            &quot;fontWeightNormal&quot;: &quot;400&quot;,\n            &quot;fontSizeBase&quot;: &quot;16px&quot;,\n            &quot;iconColor&quot;: &quot;#777771&quot;,\n            &quot;iconHoverColor&quot;: &quot;#097BAA&quot;,\n            &quot;iconCardErrorColor&quot;: &quot;#E51919&quot;,\n            &quot;iconCardCvcErrorColor&quot;: &quot;#E51919&quot;,\n            &quot;colorTextPlaceholder&quot;: &quot;#888888&quot;\n        }\n    }\n}\" data-payment-options=\"{\n    &quot;layout&quot;: {\n        &quot;type&quot;: &quot;tabs&quot;,\n        &quot;defaultCollapsed&quot;: false\n    }\n}\" data-field-id=\"69f2a7d7c7518\" data-is-payment=\"true\" data-payment-type=\"stripe\" data-is-ocs=\"1\" data-secret=\"\" data-paymentid=\"\" data-currency=\"eur\" data-key=\"pk_test_lqkRNMbIERSujqGxV89a78kz\" data-receipt=\"\" data-receipt-email=\"\" data-billing=\"1\" data-billing-name=\"name-1\" data-billing-email=\"email-1\" data-billing-phone=\"phone-1\" data-billing-address=\"\" data-return-url=\"https:\/\/stripe.com\" class=\"forminator-stripe-element forminator-stripe-payment-element\"><\/div><input type=\"hidden\" name=\"paymentid\" value=\"\" id=\"forminator-stripe-paymentid\"\/><input type=\"hidden\" name=\"paymentmethod\" value=\"\" id=\"forminator-stripe-paymentmethod\"\/><input type=\"hidden\" name=\"subscriptionid\" value=\"\" id=\"forminator-stripe-subscriptionid\"\/><span class=\"forminator-card-message\"><span class=\"forminator-error-message\" aria-hidden=\"true\"><\/span><\/span><\/div><\/div><\/div><\/div><button class=\"forminator-button forminator-pagination-submit\" style=\"display: none;\" disabled>Submit<\/button><\/div><input type=\"hidden\" name=\"referer_url\" value=\"\" \/><input type=\"hidden\" id=\"forminator_nonce\" name=\"forminator_nonce\" value=\"5ea37afd17\" \/><input type=\"hidden\" name=\"_wp_http_referer\" value=\"\/index.php?rest_route=%2Fwp%2Fv2%2Fpages%2F134\" \/><input type=\"hidden\" name=\"form_id\" value=\"201\"><input type=\"hidden\" name=\"page_id\" value=\"134\"><input type=\"hidden\" name=\"form_type\" value=\"default\"><input type=\"hidden\" name=\"current_url\" value=\"https:\/\/service0.cs.dev.schirm.fr\/?page_id=134\"><input type=\"hidden\" name=\"render_id\" value=\"0\"><input type=\"hidden\" name=\"forminator-multifile-hidden\" class=\"forminator-multifile-hidden\"><input type=\"hidden\" name=\"action\" value=\"forminator_submit_form_custom-forms\"><\/form><\/div>\n<\/div>\n\n\n\n<div class=\"wp-block-column is-layout-flow wp-block-column-is-layout-flow\">\n<p class=\"has-luminous-vivid-amber-background-color has-background\">informations sur le paiement s\u00e9curis\u00e9<\/p>\n<\/div>\n<\/div>\n","protected":false},"excerpt":{"rendered":"<p>Pour remplir le formulaire de demande de pr\u00e9-inscription, vous aurez besoin : informations sur le paiement s\u00e9curis\u00e9<\/p>\n","protected":false},"author":1,"featured_media":0,"parent":0,"menu_order":0,"comment_status":"closed","ping_status":"closed","template":"","meta":{"footnotes":""},"class_list":["post-134","page","type-page","status-publish","hentry"],"_links":{"self":[{"href":"https:\/\/service0.cs.dev.schirm.fr\/index.php?rest_route=\/wp\/v2\/pages\/134","targetHints":{"allow":["GET"]}}],"collection":[{"href":"https:\/\/service0.cs.dev.schirm.fr\/index.php?rest_route=\/wp\/v2\/pages"}],"about":[{"href":"https:\/\/service0.cs.dev.schirm.fr\/index.php?rest_route=\/wp\/v2\/types\/page"}],"author":[{"embeddable":true,"href":"https:\/\/service0.cs.dev.schirm.fr\/index.php?rest_route=\/wp\/v2\/users\/1"}],"replies":[{"embeddable":true,"href":"https:\/\/service0.cs.dev.schirm.fr\/index.php?rest_route=%2Fwp%2Fv2%2Fcomments&post=134"}],"version-history":[{"count":7,"href":"https:\/\/service0.cs.dev.schirm.fr\/index.php?rest_route=\/wp\/v2\/pages\/134\/revisions"}],"predecessor-version":[{"id":204,"href":"https:\/\/service0.cs.dev.schirm.fr\/index.php?rest_route=\/wp\/v2\/pages\/134\/revisions\/204"}],"wp:attachment":[{"href":"https:\/\/service0.cs.dev.schirm.fr\/index.php?rest_route=%2Fwp%2Fv2%2Fmedia&parent=134"}],"curies":[{"name":"wp","href":"https:\/\/api.w.org\/{rel}","templated":true}]}}